{"id":814,"date":"2022-11-08T18:29:37","date_gmt":"2022-11-08T23:29:37","guid":{"rendered":"https:\/\/gpsites.co\/info\/?page_id=814"},"modified":"2026-01-01T21:11:19","modified_gmt":"2026-01-02T00:11:19","slug":"contato","status":"publish","type":"page","link":"https:\/\/rochattech.com.br\/blog\/contato\/","title":{"rendered":"Contato"},"content":{"rendered":"\n<p>Sabe aquele projeto que precisa sair do papel ou aquela estrat\u00e9gia digital que necessita de um novo olhar? <\/p>\n\n\n\n<p>Na Rocha TTech, acreditamos que as melhores solu\u00e7\u00f5es nascem de uma boa conversa. Estamos aqui para ouvir sua demanda e compartilhar nossa experi\u00eancia para levar seu neg\u00f3cio ao pr\u00f3ximo n\u00edvel.<\/p>\n\n\n\n<p>N\u00e3o importa se voc\u00ea tem uma d\u00favida t\u00e9cnica espec\u00edfica, uma proposta de parceria ou um desafio complexo integrando o impresso e o online: queremos saber. Nossa equipe est\u00e1 pronta para oferecer o suporte real e humano que muitas vezes falta no mercado.<\/p>\n\n\n\n<p>Preencha o formul\u00e1rio abaixo com seus detalhes, ou nos chame diretamente pelo whasapp atrav\u00e9s do bot\u00e3o abaixo. Prometemos analisar sua mensagem com a aten\u00e7\u00e3o que ela merece e retornaremos o mais breve poss\u00edvel. Vamos conversar?<\/p>\n\n\n\n<a class=\"gb-button gb-button-7b33f5ca gb-button-text\" href=\"https:\/\/wa.me\/5532999707835?text=Ola,%20gostaria%20de%20falar%20com%20 um%20consultor,%20estou%20vindo%20atrav\u00e9s%20do%20blog.\">Estrategista Digital<\/a>\n\n\n\n<div style=\"height:56px\" aria-hidden=\"true\" class=\"wp-block-spacer\"><\/div>\n\n\n<div class='fluentform ff-default fluentform_wrapper_3 ffs_default_wrap'><form data-form_id=\"3\" id=\"fluentform_3\" class=\"frm-fluent-form fluent_form_3 ff-el-form-top ff_form_instance_3_1 ff-form-loading ffs_default\" data-form_instance=\"ff_form_instance_3_1\" method=\"POST\" ><fieldset  style=\"border: none!important;margin: 0!important;padding: 0!important;background-color: transparent!important;box-shadow: none!important;outline: none!important; min-inline-size: 100%;\">\n                    <legend class=\"ff_screen_reader_title\" style=\"display: block; margin: 0!important;padding: 0!important;height: 0!important;text-indent: -999999px;width: 0!important;overflow:hidden;\">Contact Form Demo (#3)<\/legend><input type='hidden' name='__fluent_form_embded_post_id' value='814' \/><input type=\"hidden\" id=\"_fluentform_3_fluentformnonce\" name=\"_fluentform_3_fluentformnonce\" value=\"f8950b76b5\" \/><input type=\"hidden\" name=\"_wp_http_referer\" value=\"\/blog\/wp-json\/wp\/v2\/pages\/814\" \/><div data-type=\"name-element\" data-name=\"names\" class=\" ff-field_container ff-name-field-wrapper\" ><div class='ff-t-container'><div class='ff-t-cell '><div class='ff-el-group'><div class=\"ff-el-input--label asterisk-right\"><label for='ff_3_names_first_name_' id='label_ff_3_names_first_name_' >Nome<\/label><\/div><div class='ff-el-input--content'><input type=\"text\" name=\"names[first_name]\" id=\"ff_3_names_first_name_\" class=\"ff-el-form-control\" placeholder=\"Nome\" aria-invalid=\"false\" aria-required=false><\/div><\/div><\/div><\/div><\/div><div class='ff-el-group'><div class=\"ff-el-input--label ff-el-is-required asterisk-right\"><label for='ff_3_email' id='label_ff_3_email' aria-label=\"Email\">Email<\/label><\/div><div class='ff-el-input--content'><input type=\"email\" name=\"email\" id=\"ff_3_email\" class=\"ff-el-form-control\" placeholder=\"Email\" data-name=\"email\"  aria-invalid=\"false\" aria-required=true><\/div><\/div><div class='ff-el-group'><div class=\"ff-el-input--label asterisk-right\"><label for='ff_3_subject' id='label_ff_3_subject' aria-label=\"Assunto\">Assunto<\/label><\/div><div class='ff-el-input--content'><input type=\"text\" name=\"subject\" class=\"ff-el-form-control\" placeholder=\"Assunto\" data-name=\"subject\" id=\"ff_3_subject\"  aria-invalid=\"false\" aria-required=false><\/div><\/div><div class='ff-el-group'><div class=\"ff-el-input--label ff-el-is-required asterisk-right\"><label for='ff_3_message' id='label_ff_3_message' aria-label=\"Mensagem\">Mensagem<\/label><\/div><div class='ff-el-input--content'><textarea aria-required=\"true\" aria-labelledby=\"label_ff_3_message\" name=\"message\" id=\"ff_3_message\" class=\"ff-el-form-control\" placeholder=\"Mensagem\" rows=\"4\" cols=\"2\" data-name=\"message\" ><\/textarea><\/div><\/div><div class='ff-el-group ff-text-left ff_submit_btn_wrapper'><button type=\"submit\" class=\"ff-btn ff-btn-submit ff-btn-md ff_btn_style\"  aria-label=\"Enviar\">Enviar<\/button><\/div><\/fieldset><\/form><div id='fluentform_3_errors' class='ff-errors-in-stack ff_form_instance_3_1 ff-form-loading_errors ff_form_instance_3_1_errors'><\/div><\/div>            <script type=\"text\/javascript\">\n                window.fluent_form_ff_form_instance_3_1 = {\"id\":\"3\",\"ajaxUrl\":\"https:\\\/\\\/rochattech.com.br\\\/blog\\\/wp-admin\\\/admin-ajax.php\",\"settings\":{\"layout\":{\"labelPlacement\":\"top\",\"helpMessagePlacement\":\"with_label\",\"errorMessagePlacement\":\"inline\",\"cssClassName\":\"\",\"asteriskPlacement\":\"asterisk-right\"},\"restrictions\":{\"denyEmptySubmission\":{\"enabled\":false}}},\"form_instance\":\"ff_form_instance_3_1\",\"form_id_selector\":\"fluentform_3\",\"rules\":{\"names[first_name]\":{\"required\":{\"value\":false,\"message\":\"This field is required\",\"global\":false,\"global_message\":\"This field is required\"}},\"names[middle_name]\":{\"required\":{\"value\":false,\"message\":\"This field is required\",\"global\":false,\"global_message\":\"This field is required\"}},\"names[last_name]\":{\"required\":{\"value\":false,\"message\":\"This field is required\",\"global\":false,\"global_message\":\"This field is required\"}},\"email\":{\"required\":{\"value\":true,\"message\":\"Obrigat\\u00f3rio\",\"global\":false,\"global_message\":\"This field is required\"},\"email\":{\"value\":true,\"message\":\"Precisa ser um e-mail v\\u00e1lido\",\"global\":false,\"global_message\":\"This field must contain a valid email\"}},\"subject\":{\"required\":{\"value\":false,\"message\":\"This field is required\",\"global\":false,\"global_message\":\"This field is required\"}},\"message\":{\"required\":{\"value\":true,\"message\":\"Obrigat\\u00f3rio\",\"global\":false,\"global_message\":\"This field is required\"}}},\"debounce_time\":300};\n                            <\/script>\n            \n\n\n\n<p><\/p>\n","protected":false},"excerpt":{"rendered":"<p>Sabe aquele projeto que precisa sair do papel ou aquela estrat\u00e9gia digital que necessita de um novo olhar? Na Rocha TTech, acreditamos que as melhores solu\u00e7\u00f5es nascem de uma boa conversa. Estamos aqui para ouvir sua demanda e compartilhar nossa experi\u00eancia para levar seu neg\u00f3cio ao pr\u00f3ximo n\u00edvel. N\u00e3o importa se voc\u00ea tem uma d\u00favida &#8230; <a title=\"Contato\" class=\"read-more\" href=\"https:\/\/rochattech.com.br\/blog\/contato\/\" aria-label=\"Read more about Contato\">Ler mais<\/a><\/p>\n","protected":false},"author":3,"featured_media":0,"parent":0,"menu_order":0,"comment_status":"closed","ping_status":"closed","template":"","meta":{"footnotes":""},"class_list":["post-814","page","type-page","status-publish"],"_links":{"self":[{"href":"https:\/\/rochattech.com.br\/blog\/wp-json\/wp\/v2\/pages\/814","targetHints":{"allow":["GET"]}}],"collection":[{"href":"https:\/\/rochattech.com.br\/blog\/wp-json\/wp\/v2\/pages"}],"about":[{"href":"https:\/\/rochattech.com.br\/blog\/wp-json\/wp\/v2\/types\/page"}],"author":[{"embeddable":true,"href":"https:\/\/rochattech.com.br\/blog\/wp-json\/wp\/v2\/users\/3"}],"replies":[{"embeddable":true,"href":"https:\/\/rochattech.com.br\/blog\/wp-json\/wp\/v2\/comments?post=814"}],"version-history":[{"count":4,"href":"https:\/\/rochattech.com.br\/blog\/wp-json\/wp\/v2\/pages\/814\/revisions"}],"predecessor-version":[{"id":11114,"href":"https:\/\/rochattech.com.br\/blog\/wp-json\/wp\/v2\/pages\/814\/revisions\/11114"}],"wp:attachment":[{"href":"https:\/\/rochattech.com.br\/blog\/wp-json\/wp\/v2\/media?parent=814"}],"curies":[{"name":"wp","href":"https:\/\/api.w.org\/{rel}","templated":true}]}}