{"id":819,"date":"2022-11-08T18:30:39","date_gmt":"2022-11-08T23:30:39","guid":{"rendered":"https:\/\/gpsites.co\/info\/?page_id=819"},"modified":"2025-12-26T08:59:33","modified_gmt":"2025-12-26T11:59:33","slug":"sobre","status":"publish","type":"page","link":"https:\/\/rochattech.com.br\/blog\/sobre\/","title":{"rendered":"Sobre"},"content":{"rendered":"\n<p>O <strong>Rocha TTech<\/strong> n\u00e3o nasceu de uma pesquisa de mercado fria ou de uma tend\u00eancia passageira. Ele nasceu da &#8220;trincheira&#8221;, do dia a dia de quem vive, respira e resolve problemas reais no universo da comunica\u00e7\u00e3o. Ao longo da nossa trajet\u00f3ria, percebemos que existe um abismo curioso no mercado: de um lado, os puristas do digital que esquecem o poder do toque; do outro, os tradicionalistas do impresso que ignoram a escala da internet. N\u00f3s criamos este espa\u00e7o justamente para ser a ponte s\u00f3lida entre esses dois mundos, provando que a verdadeira solu\u00e7\u00e3o est\u00e1 na integra\u00e7\u00e3o inteligente, e n\u00e3o na exclus\u00e3o.<\/p>\n\n\n\n<p>Nossa hist\u00f3ria \u00e9 marcada por anos de &#8220;m\u00e3o na massa&#8221;. J\u00e1 vimos excelentes estrat\u00e9gias digitais falharem porque a experi\u00eancia f\u00edsica da marca n\u00e3o entregava a mesma qualidade, e vimos materiais impressos incr\u00edveis acabarem no lixo porque n\u00e3o tinham uma conex\u00e3o l\u00f3gica com o ambiente online. Essa viv\u00eancia nos ensinou que uma Solu\u00e7\u00e3o Digital e Impressa n\u00e3o se trata apenas de ferramentas ou softwares, mas de <strong>experi\u00eancia humana<\/strong>. Cada artigo, dica ou an\u00e1lise que voc\u00ea encontrar\u00e1 aqui carrega o peso da nossa experi\u00eancia pr\u00f3pria \u2014 dos erros que nos ensinaram li\u00e7\u00f5es valiosas aos acertos que transformaram neg\u00f3cios.<\/p>\n\n\n\n<p>Gostamos de usar a analogia da arquitetura: o digital \u00e9 como a fachada iluminada e convidativa de um pr\u00e9dio, vis\u00edvel a quil\u00f4metros de dist\u00e2ncia; o impresso \u00e9 a ma\u00e7aneta s\u00f3lida, o cart\u00e3o de visita com textura, o &#8220;aperto de m\u00e3o&#8221; firme que acontece quando o cliente entra. Um n\u00e3o substitui o outro; eles se completam para criar uma estrutura inabal\u00e1vel. No Rocha TTech, defendemos que a tecnologia deve servir para ampliar a criatividade, seja na tela de um smartphone ou em uma impress\u00e3o de alta defini\u00e7\u00e3o.<\/p>\n\n\n\n<p>Mais do que um blog t\u00e9cnico, este \u00e9 um manifesto sobre qualidade e resultado. Estamos cansados de ver &#8220;solu\u00e7\u00f5es de prateleira&#8221; que n\u00e3o funcionam no mundo real. Por isso, nosso compromisso \u00e9 compartilhar o que realmente funciona, sem rodeios. Aqui, valorizamos a transpar\u00eancia e a profundidade. Se falarmos sobre um software de design ou sobre um tipo de papel para cart\u00f5es de visita, saiba que essa opini\u00e3o foi forjada na pr\u00e1tica, testada sob press\u00e3o e aprovada por quem entende que o detalhe faz toda a diferen\u00e7a.<\/p>\n\n\n\n<p>Seja bem-vindo ao Rocha TTech. Este espa\u00e7o foi criado para empreendedores, criativos e curiosos que, assim como n\u00f3s, acreditam que a inova\u00e7\u00e3o n\u00e3o precisa ser fria. Esperamos que, atrav\u00e9s das nossas hist\u00f3rias e conhecimentos, voc\u00ea encontre as ferramentas necess\u00e1rias para tirar suas ideias do papel \u2014 ou coloc\u00e1-las nele \u2014 com a excel\u00eancia que o seu projeto merece.<\/p>\n","protected":false},"excerpt":{"rendered":"<p>O Rocha TTech n\u00e3o nasceu de uma pesquisa de mercado fria ou de uma tend\u00eancia passageira. Ele nasceu da &#8220;trincheira&#8221;, do dia a dia de quem vive, respira e resolve problemas reais no universo da comunica\u00e7\u00e3o. Ao longo da nossa trajet\u00f3ria, percebemos que existe um abismo curioso no mercado: de um lado, os puristas do &#8230; <a title=\"Sobre\" class=\"read-more\" href=\"https:\/\/rochattech.com.br\/blog\/sobre\/\" aria-label=\"Read more about Sobre\">Ler mais<\/a><\/p>\n","protected":false},"author":3,"featured_media":0,"parent":0,"menu_order":0,"comment_status":"closed","ping_status":"closed","template":"","meta":{"footnotes":""},"class_list":["post-819","page","type-page","status-publish"],"_links":{"self":[{"href":"https:\/\/rochattech.com.br\/blog\/wp-json\/wp\/v2\/pages\/819","targetHints":{"allow":["GET"]}}],"collection":[{"href":"https:\/\/rochattech.com.br\/blog\/wp-json\/wp\/v2\/pages"}],"about":[{"href":"https:\/\/rochattech.com.br\/blog\/wp-json\/wp\/v2\/types\/page"}],"author":[{"embeddable":true,"href":"https:\/\/rochattech.com.br\/blog\/wp-json\/wp\/v2\/users\/3"}],"replies":[{"embeddable":true,"href":"https:\/\/rochattech.com.br\/blog\/wp-json\/wp\/v2\/comments?post=819"}],"version-history":[{"count":1,"href":"https:\/\/rochattech.com.br\/blog\/wp-json\/wp\/v2\/pages\/819\/revisions"}],"predecessor-version":[{"id":11075,"href":"https:\/\/rochattech.com.br\/blog\/wp-json\/wp\/v2\/pages\/819\/revisions\/11075"}],"wp:attachment":[{"href":"https:\/\/rochattech.com.br\/blog\/wp-json\/wp\/v2\/media?parent=819"}],"curies":[{"name":"wp","href":"https:\/\/api.w.org\/{rel}","templated":true}]}}